{"id":6570,"date":"2024-05-13T15:05:28","date_gmt":"2024-05-13T14:05:28","guid":{"rendered":"https:\/\/lianeli.fr\/?page_id=6570"},"modified":"2026-04-14T18:37:07","modified_gmt":"2026-04-14T17:37:07","slug":"espace-de-connexion","status":"publish","type":"page","link":"https:\/\/lianeli.fr\/en\/espace-de-connexion\/","title":{"rendered":"Lianeli &#8211; Espace de connexion"},"content":{"rendered":"<div data-elementor-type=\"wp-page\" data-elementor-id=\"6570\" class=\"elementor elementor-6570\" data-elementor-settings=\"{&quot;ha_cmc_init_switcher&quot;:&quot;no&quot;}\" data-elementor-post-type=\"page\">\n\t\t\t\t<div class=\"elementor-element elementor-element-79e5ad6 e-flex e-con-boxed e-con e-parent\" data-id=\"79e5ad6\" data-element_type=\"container\" data-e-type=\"container\" data-settings=\"{&quot;background_background&quot;:&quot;gradient&quot;,&quot;_ha_eqh_enable&quot;:false}\">\n\t\t\t\t\t<div class=\"e-con-inner\">\n\t\t<div class=\"elementor-element elementor-element-091c986 e-con-full e-flex e-con e-child\" data-id=\"091c986\" data-element_type=\"container\" data-e-type=\"container\" data-settings=\"{&quot;_ha_eqh_enable&quot;:false}\">\n\t\t\t\t<div class=\"elementor-element elementor-element-43f0d72 elementor-widget elementor-widget-heading\" data-id=\"43f0d72\" data-element_type=\"widget\" data-e-type=\"widget\" data-widget_type=\"heading.default\">\n\t\t\t\t<div class=\"elementor-widget-container\">\n\t\t\t\t\t<h1 class=\"elementor-heading-title elementor-size-default\">Acc\u00e8s \u00e0 l'espace Lianeli<\/h1>\t\t\t\t<\/div>\n\t\t\t\t<\/div>\n\t\t\t\t<\/div>\n\t\t<div class=\"elementor-element elementor-element-11e80dd e-con-full e-flex e-con e-child\" data-id=\"11e80dd\" data-element_type=\"container\" data-e-type=\"container\" data-settings=\"{&quot;background_background&quot;:&quot;classic&quot;,&quot;_ha_eqh_enable&quot;:false}\">\n\t\t<div class=\"elementor-element elementor-element-39f6a4b e-flex e-con-boxed e-con e-child\" data-id=\"39f6a4b\" data-element_type=\"container\" data-e-type=\"container\" data-settings=\"{&quot;_ha_eqh_enable&quot;:false}\">\n\t\t\t\t\t<div class=\"e-con-inner\">\n\t\t\t\t<div class=\"elementor-element elementor-element-fe576a1 elementor-widget elementor-widget-heading\" data-id=\"fe576a1\" data-element_type=\"widget\" data-e-type=\"widget\" data-widget_type=\"heading.default\">\n\t\t\t\t<div class=\"elementor-widget-container\">\n\t\t\t\t\t<h2 class=\"elementor-heading-title elementor-size-default\">Cr\u00e9er un compte<\/h2>\t\t\t\t<\/div>\n\t\t\t\t<\/div>\n\t\t\t\t<div class=\"elementor-element elementor-element-f21cb27 elementor-widget elementor-widget-text-editor\" data-id=\"f21cb27\" data-element_type=\"widget\" data-e-type=\"widget\" data-widget_type=\"text-editor.default\">\n\t\t\t\t<div class=\"elementor-widget-container\">\n\t\t\t\t\t\t\t\t\t<h6>L&rsquo;inscription sur Lianeli est exclusivement ouverte aux utilisateurs appartenant \u00e0 nos\u00a0 organisations partenaires\u00a0<br \/>(entreprises, mutuelles, assurances, CPTS etc).\u00a0<\/h6>\t\t\t\t\t\t\t\t<\/div>\n\t\t\t\t<\/div>\n\t\t\t\t\t<\/div>\n\t\t\t\t<\/div>\n\t\t<div class=\"elementor-element elementor-element-df18882 e-flex e-con-boxed e-con e-child\" data-id=\"df18882\" data-element_type=\"container\" data-e-type=\"container\" data-settings=\"{&quot;_ha_eqh_enable&quot;:false}\">\n\t\t\t\t\t<div class=\"e-con-inner\">\n\t\t\t\t<div class=\"elementor-element elementor-element-8b96667 elementor-widget elementor-widget-heading\" data-id=\"8b96667\" data-element_type=\"widget\" data-e-type=\"widget\" data-widget_type=\"heading.default\">\n\t\t\t\t<div class=\"elementor-widget-container\">\n\t\t\t\t\t<h2 class=\"elementor-heading-title elementor-size-default\">Connexion \u00e0 votre compte<\/h2>\t\t\t\t<\/div>\n\t\t\t\t<\/div>\n\t\t\t\t<div class=\"elementor-element elementor-element-c2a1697 elementor-widget elementor-widget-text-editor\" data-id=\"c2a1697\" data-element_type=\"widget\" data-e-type=\"widget\" data-widget_type=\"text-editor.default\">\n\t\t\t\t<div class=\"elementor-widget-container\">\n\t\t\t\t\t\t\t\t\t<h6>Connectez-vous \u00e0 votre espace personnel :<\/h6>\t\t\t\t\t\t\t\t<\/div>\n\t\t\t\t<\/div>\n\t\t\t\t\t<\/div>\n\t\t\t\t<\/div>\n\t\t<div class=\"elementor-element elementor-element-147e7ac e-flex e-con-boxed e-con e-child\" data-id=\"147e7ac\" data-element_type=\"container\" data-e-type=\"container\" data-settings=\"{&quot;_ha_eqh_enable&quot;:false}\">\n\t\t\t\t\t<div class=\"e-con-inner\">\n\t\t\t\t<div class=\"elementor-element elementor-element-7d8594c elementor-align-center elementor-widget elementor-widget-button\" data-id=\"7d8594c\" data-element_type=\"widget\" data-e-type=\"widget\" data-widget_type=\"button.default\">\n\t\t\t\t<div class=\"elementor-widget-container\">\n\t\t\t\t\t\t\t\t\t<div class=\"elementor-button-wrapper\">\n\t\t\t\t\t<a class=\"elementor-button elementor-button-link elementor-size-sm elementor-animation-shrink\" href=\"https:\/\/app.lianeli.fr\/login\" target=\"_blank\" rel=\"nofollow\">\n\t\t\t\t\t\t<span class=\"elementor-button-content-wrapper\">\n\t\t\t\t\t\t\t\t\t<span class=\"elementor-button-text\">Connexion Citoyen<\/span>\n\t\t\t\t\t<\/span>\n\t\t\t\t\t<\/a>\n\t\t\t\t<\/div>\n\t\t\t\t\t\t\t\t<\/div>\n\t\t\t\t<\/div>\n\t\t\t\t<div class=\"elementor-element elementor-element-f6296ed elementor-widget elementor-widget-heading\" data-id=\"f6296ed\" data-element_type=\"widget\" data-e-type=\"widget\" data-widget_type=\"heading.default\">\n\t\t\t\t<div class=\"elementor-widget-container\">\n\t\t\t\t\t<h4 class=\"elementor-heading-title elementor-size-default\">ou<\/h4>\t\t\t\t<\/div>\n\t\t\t\t<\/div>\n\t\t\t\t<div class=\"elementor-element elementor-element-6929aa9 elementor-align-center elementor-widget elementor-widget-button\" data-id=\"6929aa9\" data-element_type=\"widget\" data-e-type=\"widget\" data-widget_type=\"button.default\">\n\t\t\t\t<div class=\"elementor-widget-container\">\n\t\t\t\t\t\t\t\t\t<div class=\"elementor-button-wrapper\">\n\t\t\t\t\t<a class=\"elementor-button elementor-button-link elementor-size-sm elementor-animation-shrink\" href=\"https:\/\/app.lianeli.fr\/login-ps\" target=\"_blank\" rel=\"nofollow\">\n\t\t\t\t\t\t<span class=\"elementor-button-content-wrapper\">\n\t\t\t\t\t\t\t\t\t<span class=\"elementor-button-text\">Connexion Professionnel de sant\u00e9<\/span>\n\t\t\t\t\t<\/span>\n\t\t\t\t\t<\/a>\n\t\t\t\t<\/div>\n\t\t\t\t\t\t\t\t<\/div>\n\t\t\t\t<\/div>\n\t\t\t\t\t<\/div>\n\t\t\t\t<\/div>\n\t\t<div class=\"elementor-element elementor-element-df5fb0b e-con-full e-flex e-con e-child\" data-id=\"df5fb0b\" data-element_type=\"container\" data-e-type=\"container\" data-settings=\"{&quot;_ha_eqh_enable&quot;:false}\">\n\t\t\t\t<div class=\"elementor-element elementor-element-9084c8f elementor-widget elementor-widget-text-editor\" data-id=\"9084c8f\" data-element_type=\"widget\" data-e-type=\"widget\" data-widget_type=\"text-editor.default\">\n\t\t\t\t<div class=\"elementor-widget-container\">\n\t\t\t\t\t\t\t\t\t<h6 style=\"text-align: center;\"><i>Si vous faites partie de l&rsquo;\u00e9tude ADER,\u00a0<span style=\"font-size: 1rem;\">vous devez vous connecter avec un lien diff\u00e9rent\u00a0<\/span><span style=\"font-size: 1rem;\">qui vous a \u00e9t\u00e9 communiqu\u00e9 par email<\/span><\/i><\/h6>\t\t\t\t\t\t\t\t<\/div>\n\t\t\t\t<\/div>\n\t\t\t\t<\/div>\n\t\t\t\t<\/div>\n\t\t<div class=\"elementor-element elementor-element-83bca7b e-flex e-con-boxed e-con e-child\" data-id=\"83bca7b\" data-element_type=\"container\" data-e-type=\"container\" data-settings=\"{&quot;_ha_eqh_enable&quot;:false}\">\n\t\t\t\t\t<div class=\"e-con-inner\">\n\t\t\t\t<div class=\"elementor-element elementor-element-5edc39e elementor-widget elementor-widget-text-editor\" data-id=\"5edc39e\" data-element_type=\"widget\" data-e-type=\"widget\" data-widget_type=\"text-editor.default\">\n\t\t\t\t<div class=\"elementor-widget-container\">\n\t\t\t\t\t\t\t\t\t<h5>Votre organisation n&rsquo;est pas encore partenaire de Lianeli ?<\/h5>\n<h6>D\u00e9couvrez comment acc\u00e9der \u00e0 nos services et b\u00e9n\u00e9ficier d&rsquo;un d\u00e9pistage personnalis\u00e9.\t\t\t\t\t\t\t\t<\/div>\n\t\t\t\t<\/div>\n\t\t\t\t<div class=\"elementor-element elementor-element-df4bd25 elementor-align-center elementor-widget elementor-widget-button\" data-id=\"df4bd25\" data-element_type=\"widget\" data-e-type=\"widget\" data-widget_type=\"button.default\">\n\t\t\t\t<div class=\"elementor-widget-container\">\n\t\t\t\t\t\t\t\t\t<div class=\"elementor-button-wrapper\">\n\t\t\t\t\t<a class=\"elementor-button elementor-button-link elementor-size-sm elementor-animation-shrink\" href=\"https:\/\/lianeli.fr\/en\/contact\/\">\n\t\t\t\t\t\t<span class=\"elementor-button-content-wrapper\">\n\t\t\t\t\t\t\t\t\t<span class=\"elementor-button-text\">Contactez-nous<\/span>\n\t\t\t\t\t<\/span>\n\t\t\t\t\t<\/a>\n\t\t\t\t<\/div>\n\t\t\t\t\t\t\t\t<\/div>\n\t\t\t\t<\/div>\n\t\t\t\t\t<\/div>\n\t\t\t\t<\/div>\n\t\t\t\t\t<\/div>\n\t\t\t\t<\/div>\n\t\t\t\t<\/div>","protected":false},"excerpt":{"rendered":"<p>Acc\u00e8s \u00e0 l&rsquo;espace Lianeli Cr\u00e9er un compte L&rsquo;inscription sur Lianeli est exclusivement ouverte aux utilisateurs appartenant \u00e0 nos\u00a0 organisations partenaires\u00a0(entreprises, mutuelles, assurances, CPTS etc).\u00a0 Connexion \u00e0 votre compte Connectez-vous \u00e0 votre espace personnel : Connexion Citoyen ou Connexion Professionnel de sant\u00e9 Si vous faites partie de l&rsquo;\u00e9tude ADER,\u00a0vous devez vous connecter avec un lien diff\u00e9rent\u00a0qui [&hellip;]<\/p>\n","protected":false},"author":1,"featured_media":0,"parent":0,"menu_order":0,"comment_status":"closed","ping_status":"closed","template":"","meta":{"_acf_changed":false,"site-sidebar-layout":"no-sidebar","site-content-layout":"page-builder","ast-site-content-layout":"full-width-container","site-content-style":"unboxed","site-sidebar-style":"unboxed","ast-global-header-display":"","ast-banner-title-visibility":"","ast-main-header-display":"","ast-hfb-above-header-display":"","ast-hfb-below-header-display":"","ast-hfb-mobile-header-display":"","site-post-title":"disabled","ast-breadcrumbs-content":"","ast-featured-img":"disabled","footer-sml-layout":"","ast-disable-related-posts":"","theme-transparent-header-meta":"","adv-header-id-meta":"","stick-header-meta":"","header-above-stick-meta":"","header-main-stick-meta":"","header-below-stick-meta":"","astra-migrate-meta-layouts":"set","ast-page-background-enabled":"default","ast-page-background-meta":{"desktop":{"background-color":"var(--ast-global-color-4)","background-image":"","background-repeat":"repeat","background-position":"center center","background-size":"auto","background-attachment":"scroll","background-type":"","background-media":"","overlay-type":"","overlay-color":"","overlay-opacity":"","overlay-gradient":""},"tablet":{"background-color":"","background-image":"","background-repeat":"repeat","background-position":"center center","background-size":"auto","background-attachment":"scroll","background-type":"","background-media":"","overlay-type":"","overlay-color":"","overlay-opacity":"","overlay-gradient":""},"mobile":{"background-color":"","background-image":"","background-repeat":"repeat","background-position":"center center","background-size":"auto","background-attachment":"scroll","background-type":"","background-media":"","overlay-type":"","overlay-color":"","overlay-opacity":"","overlay-gradient":""}},"ast-content-background-meta":{"desktop":{"background-color":"var(--ast-global-color-5)","background-image":"","background-repeat":"repeat","background-position":"center center","background-size":"auto","background-attachment":"scroll","background-type":"","background-media":"","overlay-type":"","overlay-color":"","overlay-opacity":"","overlay-gradient":""},"tablet":{"background-color":"var(--ast-global-color-5)","background-image":"","background-repeat":"repeat","background-position":"center center","background-size":"auto","background-attachment":"scroll","background-type":"","background-media":"","overlay-type":"","overlay-color":"","overlay-opacity":"","overlay-gradient":""},"mobile":{"background-color":"var(--ast-global-color-5)","background-image":"","background-repeat":"repeat","background-position":"center center","background-size":"auto","background-attachment":"scroll","background-type":"","background-media":"","overlay-type":"","overlay-color":"","overlay-opacity":"","overlay-gradient":""}},"footnotes":""},"class_list":["post-6570","page","type-page","status-publish","hentry"],"acf":[],"yoast_head":"<!-- This site is optimized with the Yoast SEO plugin v27.6 - https:\/\/yoast.com\/product\/yoast-seo-wordpress\/ -->\n<title>D\u00e9pistage personnalis\u00e9 avec Lianeli - Planifiez votre sant\u00e9<\/title>\n<meta name=\"description\" content=\"D\u00e9couvrez Lianeli, l&#039;application web d\u00e9di\u00e9e au d\u00e9pistage personnalis\u00e9, pour identifier et planifier vos d\u00e9pistages.\" \/>\n<meta name=\"robots\" content=\"noindex, follow\" \/>\n<meta property=\"og:locale\" content=\"en_GB\" \/>\n<meta property=\"og:type\" content=\"article\" \/>\n<meta property=\"og:title\" content=\"D\u00e9pistage personnalis\u00e9 avec Lianeli - Planifiez votre sant\u00e9\" \/>\n<meta property=\"og:description\" content=\"D\u00e9couvrez Lianeli, l&#039;application web d\u00e9di\u00e9e au d\u00e9pistage personnalis\u00e9, pour identifier et planifier vos d\u00e9pistages.\" \/>\n<meta property=\"og:url\" content=\"https:\/\/lianeli.fr\/en\/espace-de-connexion\/\" \/>\n<meta property=\"article:modified_time\" content=\"2026-04-14T17:37:07+00:00\" \/>\n<meta name=\"twitter:card\" content=\"summary_large_image\" \/>\n<meta name=\"twitter:label1\" content=\"Estimated reading time\" \/>\n\t<meta name=\"twitter:data1\" content=\"1 minute\" \/>\n<script type=\"application\/ld+json\" class=\"yoast-schema-graph\">{\"@context\":\"https:\\\/\\\/schema.org\",\"@graph\":[{\"@type\":\"WebPage\",\"@id\":\"https:\\\/\\\/lianeli.fr\\\/espace-de-connexion\\\/\",\"url\":\"https:\\\/\\\/lianeli.fr\\\/espace-de-connexion\\\/\",\"name\":\"D\u00e9pistage personnalis\u00e9 avec Lianeli - Planifiez votre sant\u00e9\",\"isPartOf\":{\"@id\":\"https:\\\/\\\/lianeli.fr\\\/#website\"},\"datePublished\":\"2024-05-13T14:05:28+00:00\",\"dateModified\":\"2026-04-14T17:37:07+00:00\",\"description\":\"D\u00e9couvrez Lianeli, l'application web d\u00e9di\u00e9e au d\u00e9pistage personnalis\u00e9, pour identifier et planifier vos d\u00e9pistages.\",\"breadcrumb\":{\"@id\":\"https:\\\/\\\/lianeli.fr\\\/espace-de-connexion\\\/#breadcrumb\"},\"inLanguage\":\"en-GB\",\"potentialAction\":[{\"@type\":\"ReadAction\",\"target\":[\"https:\\\/\\\/lianeli.fr\\\/espace-de-connexion\\\/\"]}]},{\"@type\":\"BreadcrumbList\",\"@id\":\"https:\\\/\\\/lianeli.fr\\\/espace-de-connexion\\\/#breadcrumb\",\"itemListElement\":[{\"@type\":\"ListItem\",\"position\":1,\"name\":\"Accueil\",\"item\":\"https:\\\/\\\/lianeli.fr\\\/\"},{\"@type\":\"ListItem\",\"position\":2,\"name\":\"Lianeli &#8211; Espace de connexion\"}]},{\"@type\":\"WebSite\",\"@id\":\"https:\\\/\\\/lianeli.fr\\\/#website\",\"url\":\"https:\\\/\\\/lianeli.fr\\\/\",\"name\":\"Lianeli\",\"description\":\"Mon d\u00e9pistage personnalis\u00e9e\",\"publisher\":{\"@id\":\"https:\\\/\\\/lianeli.fr\\\/#organization\"},\"alternateName\":\"Lianeli\",\"potentialAction\":[{\"@type\":\"SearchAction\",\"target\":{\"@type\":\"EntryPoint\",\"urlTemplate\":\"https:\\\/\\\/lianeli.fr\\\/?s={search_term_string}\"},\"query-input\":{\"@type\":\"PropertyValueSpecification\",\"valueRequired\":true,\"valueName\":\"search_term_string\"}}],\"inLanguage\":\"en-GB\"},{\"@type\":\"Organization\",\"@id\":\"https:\\\/\\\/lianeli.fr\\\/#organization\",\"name\":\"Lianeli\",\"url\":\"https:\\\/\\\/lianeli.fr\\\/\",\"logo\":{\"@type\":\"ImageObject\",\"inLanguage\":\"en-GB\",\"@id\":\"https:\\\/\\\/lianeli.fr\\\/#\\\/schema\\\/logo\\\/image\\\/\",\"url\":\"https:\\\/\\\/lianeli.fr\\\/wp-content\\\/uploads\\\/2024\\\/04\\\/Logo_Lianeli_fond_bleu_avec_fond.png\",\"contentUrl\":\"https:\\\/\\\/lianeli.fr\\\/wp-content\\\/uploads\\\/2024\\\/04\\\/Logo_Lianeli_fond_bleu_avec_fond.png\",\"width\":270,\"height\":270,\"caption\":\"Lianeli\"},\"image\":{\"@id\":\"https:\\\/\\\/lianeli.fr\\\/#\\\/schema\\\/logo\\\/image\\\/\"},\"sameAs\":[\"https:\\\/\\\/www.linkedin.com\\\/company\\\/lianeli\\\/\"]}]}<\/script>\n<!-- \/ Yoast SEO plugin. -->","yoast_head_json":{"title":"D\u00e9pistage personnalis\u00e9 avec Lianeli - Planifiez votre sant\u00e9","description":"D\u00e9couvrez Lianeli, l'application web d\u00e9di\u00e9e au d\u00e9pistage personnalis\u00e9, pour identifier et planifier vos d\u00e9pistages.","robots":{"index":"noindex","follow":"follow"},"og_locale":"en_GB","og_type":"article","og_title":"D\u00e9pistage personnalis\u00e9 avec Lianeli - Planifiez votre sant\u00e9","og_description":"D\u00e9couvrez Lianeli, l'application web d\u00e9di\u00e9e au d\u00e9pistage personnalis\u00e9, pour identifier et planifier vos d\u00e9pistages.","og_url":"https:\/\/lianeli.fr\/en\/espace-de-connexion\/","article_modified_time":"2026-04-14T17:37:07+00:00","twitter_card":"summary_large_image","twitter_misc":{"Estimated reading time":"1 minute"},"schema":{"@context":"https:\/\/schema.org","@graph":[{"@type":"WebPage","@id":"https:\/\/lianeli.fr\/espace-de-connexion\/","url":"https:\/\/lianeli.fr\/espace-de-connexion\/","name":"D\u00e9pistage personnalis\u00e9 avec Lianeli - Planifiez votre sant\u00e9","isPartOf":{"@id":"https:\/\/lianeli.fr\/#website"},"datePublished":"2024-05-13T14:05:28+00:00","dateModified":"2026-04-14T17:37:07+00:00","description":"D\u00e9couvrez Lianeli, l'application web d\u00e9di\u00e9e au d\u00e9pistage personnalis\u00e9, pour identifier et planifier vos d\u00e9pistages.","breadcrumb":{"@id":"https:\/\/lianeli.fr\/espace-de-connexion\/#breadcrumb"},"inLanguage":"en-GB","potentialAction":[{"@type":"ReadAction","target":["https:\/\/lianeli.fr\/espace-de-connexion\/"]}]},{"@type":"BreadcrumbList","@id":"https:\/\/lianeli.fr\/espace-de-connexion\/#breadcrumb","itemListElement":[{"@type":"ListItem","position":1,"name":"Accueil","item":"https:\/\/lianeli.fr\/"},{"@type":"ListItem","position":2,"name":"Lianeli &#8211; Espace de connexion"}]},{"@type":"WebSite","@id":"https:\/\/lianeli.fr\/#website","url":"https:\/\/lianeli.fr\/","name":"Lianeli","description":"Mon d\u00e9pistage personnalis\u00e9e","publisher":{"@id":"https:\/\/lianeli.fr\/#organization"},"alternateName":"Lianeli","potentialAction":[{"@type":"SearchAction","target":{"@type":"EntryPoint","urlTemplate":"https:\/\/lianeli.fr\/?s={search_term_string}"},"query-input":{"@type":"PropertyValueSpecification","valueRequired":true,"valueName":"search_term_string"}}],"inLanguage":"en-GB"},{"@type":"Organization","@id":"https:\/\/lianeli.fr\/#organization","name":"Lianeli","url":"https:\/\/lianeli.fr\/","logo":{"@type":"ImageObject","inLanguage":"en-GB","@id":"https:\/\/lianeli.fr\/#\/schema\/logo\/image\/","url":"https:\/\/lianeli.fr\/wp-content\/uploads\/2024\/04\/Logo_Lianeli_fond_bleu_avec_fond.png","contentUrl":"https:\/\/lianeli.fr\/wp-content\/uploads\/2024\/04\/Logo_Lianeli_fond_bleu_avec_fond.png","width":270,"height":270,"caption":"Lianeli"},"image":{"@id":"https:\/\/lianeli.fr\/#\/schema\/logo\/image\/"},"sameAs":["https:\/\/www.linkedin.com\/company\/lianeli\/"]}]}},"_links":{"self":[{"href":"https:\/\/lianeli.fr\/en\/wp-json\/wp\/v2\/pages\/6570","targetHints":{"allow":["GET"]}}],"collection":[{"href":"https:\/\/lianeli.fr\/en\/wp-json\/wp\/v2\/pages"}],"about":[{"href":"https:\/\/lianeli.fr\/en\/wp-json\/wp\/v2\/types\/page"}],"author":[{"embeddable":true,"href":"https:\/\/lianeli.fr\/en\/wp-json\/wp\/v2\/users\/1"}],"replies":[{"embeddable":true,"href":"https:\/\/lianeli.fr\/en\/wp-json\/wp\/v2\/comments?post=6570"}],"version-history":[{"count":0,"href":"https:\/\/lianeli.fr\/en\/wp-json\/wp\/v2\/pages\/6570\/revisions"}],"wp:attachment":[{"href":"https:\/\/lianeli.fr\/en\/wp-json\/wp\/v2\/media?parent=6570"}],"curies":[{"name":"wp","href":"https:\/\/api.w.org\/{rel}","templated":true}]}}