{"id":5716,"date":"2024-04-25T10:13:18","date_gmt":"2024-04-25T09:13:18","guid":{"rendered":"https:\/\/lianeli.fr\/?page_id=5716"},"modified":"2024-10-16T08:32:09","modified_gmt":"2024-10-16T07:32:09","slug":"securite","status":"publish","type":"page","link":"https:\/\/lianeli.fr\/en\/securite\/","title":{"rendered":"Lianeli &#8211; s\u00e9curit\u00e9"},"content":{"rendered":"<div data-elementor-type=\"wp-page\" data-elementor-id=\"5716\" class=\"elementor elementor-5716\" data-elementor-settings=\"{&quot;ha_cmc_init_switcher&quot;:&quot;no&quot;}\" data-elementor-post-type=\"page\">\n\t\t\t\t<div class=\"elementor-element elementor-element-79e5ad6 e-flex e-con-boxed e-con e-parent\" data-id=\"79e5ad6\" data-element_type=\"container\" data-e-type=\"container\" data-settings=\"{&quot;background_background&quot;:&quot;classic&quot;,&quot;_ha_eqh_enable&quot;:false}\">\n\t\t\t\t\t<div class=\"e-con-inner\">\n\t\t\t\t<div class=\"elementor-element elementor-element-fe576a1 elementor-widget elementor-widget-heading\" data-id=\"fe576a1\" data-element_type=\"widget\" data-e-type=\"widget\" data-widget_type=\"heading.default\">\n\t\t\t\t<div class=\"elementor-widget-container\">\n\t\t\t\t\t<h4 class=\"elementor-heading-title elementor-size-default\">S\u00e9curit\u00e9 \/ Confidentialit\u00e9 des donn\u00e9es <\/h4>\t\t\t\t<\/div>\n\t\t\t\t<\/div>\n\t\t\t\t<div class=\"elementor-element elementor-element-09176ba elementor-widget elementor-widget-text-editor\" data-id=\"09176ba\" data-element_type=\"widget\" data-e-type=\"widget\" data-widget_type=\"text-editor.default\">\n\t\t\t\t<div class=\"elementor-widget-container\">\n\t\t\t\t\t\t\t\t\t<h4><span style=\"color: #00426d;\">S\u00e9curit\u00e9 chez Lianeli : notre Engagement pour la Protection de\u00a0 vos Donn\u00e9es<\/span><\/h4><p><span style=\"color: #00426d;\">Chez Lianeli, la s\u00e9curit\u00e9 et la confidentialit\u00e9 des donn\u00e9es de nos utilisateurs sont au c\u0153ur de nos pr\u00e9occupations. Nous comprenons l&rsquo;importance cruciale de prot\u00e9ger les informations personnelles et m\u00e9dicales dans un environnement digital de plus en plus connect\u00e9. Voici comment nous assurons la s\u00e9curit\u00e9 de vos donn\u00e9es.<\/span><\/p><p><span style=\"color: #00426d;\">La gestion de vos donn\u00e9es vous appartient : stock\u00e9es de mani\u00e8re s\u00e9curis\u00e9e sur nos serveurs, elles ne sont partag\u00e9es qu&rsquo;avec votre accord explicite, exclusivement avec le m\u00e9decin g\u00e9n\u00e9raliste de votre choix. Nous garantissons une transparence absolue, sans aucune divulgation \u00e0 des tiers, pour pr\u00e9server votre vie priv\u00e9e et renforcer la confiance dans notre plateforme.<\/span><\/p>\t\t\t\t\t\t\t\t<\/div>\n\t\t\t\t<\/div>\n\t\t\t\t<div class=\"elementor-element elementor-element-1f85ebc elementor-widget elementor-widget-text-editor\" data-id=\"1f85ebc\" data-element_type=\"widget\" data-e-type=\"widget\" data-widget_type=\"text-editor.default\">\n\t\t\t\t<div class=\"elementor-widget-container\">\n\t\t\t\t\t\t\t\t\t<div align=\"left\"><h4><span style=\"color: #00426d;\">Authentification et contr\u00f4le d&rsquo;acc\u00e8s<\/span><\/h4><p><span style=\"color: #00426d;\">Nous prot\u00e9geons vos donn\u00e9es avec une suite de mesures de s\u00e9curit\u00e9 avanc\u00e9es, garantissant la confidentialit\u00e9 et la s\u00e9curit\u00e9 \u00e0 chaque \u00e9tape.<\/span><\/p><p><span style=\"color: #00426d;\">Nous renfor\u00e7ons la protection de vos donn\u00e9es gr\u00e2ce \u00e0 plusieurs couches successives garantissant la confidentialit\u00e9 et la s\u00e9curit\u00e9 \u00e0 chaque \u00e9tape.<\/span><\/p><p><span style=\"color: #00426d;\"><strong>Authentification \u00e0 deux Facteurs\u00a0<\/strong><\/span><\/p><p><span style=\"color: #00426d;\">Une s\u00e9curit\u00e9 renforc\u00e9e pour chaque compte, patients et professionnels de sant\u00e9 inclus<\/span><\/p><p><span style=\"color: #00426d;\"><strong>Connexion s\u00e9curis\u00e9e Pro sant\u00e9 Connect<\/strong><\/span><\/p><p><span style=\"color: #00426d;\">Une garantie de s\u00e9curit\u00e9 renforc\u00e9e, gr\u00e2ce aux solutions de connexion de l\u2019ANS<\/span><\/p><p><span style=\"color: #00426d;\"><strong>Mots de Passe robustes et Stockage cryptographique\u00a0<\/strong><\/span><\/p><p><span style=\"color: #00426d;\">Normes \u00e9lev\u00e9es pour une s\u00e9curit\u00e9 des comptes renforc\u00e9es<\/span><\/p><p><span style=\"color: #00426d;\"><strong>Contr\u00f4le d&rsquo;acc\u00e8s par r\u00f4les\u00a0<\/strong><\/span><\/p><p><span style=\"color: #00426d;\">Droits sp\u00e9cifiques pour une accessibilit\u00e9 s\u00e9curis\u00e9e aux donn\u00e9es sensibles<\/span><\/p><\/div>\t\t\t\t\t\t\t\t<\/div>\n\t\t\t\t<\/div>\n\t\t\t\t<div class=\"elementor-element elementor-element-e407596 elementor-widget elementor-widget-text-editor\" data-id=\"e407596\" data-element_type=\"widget\" data-e-type=\"widget\" data-widget_type=\"text-editor.default\">\n\t\t\t\t<div class=\"elementor-widget-container\">\n\t\t\t\t\t\t\t\t\t<div align=\"left\"><h4><span style=\"color: #00426d;\">Protection technique avanc\u00e9e<\/span><\/h4><p><span style=\"color: #00426d;\">Notre infrastructure int\u00e8gre des couches de protection avanc\u00e9es pour une d\u00e9fense robuste contre les menaces num\u00e9riques.<\/span><\/p><p><span style=\"color: #00426d;\"><strong>D\u00e9fense contre les attaques par force brute\u00a0<\/strong><\/span><\/p><p><span style=\"color: #00426d;\">Authentification \u00e0 deux facteurs, Jetons Anti-CSRF, limitation des tentatives de connexion<\/span><\/p><p><span style=\"color: #00426d;\"><strong>H\u00e9bergement AWS\u00a0<\/strong><\/span><\/p><p><span style=\"color: #00426d;\">Nos donn\u00e9es sont h\u00e9berg\u00e9es sur des serveurs AWS en France, conform\u00e9ment aux normes ISO\/IEC 27001 et HDS, assurant un niveau de s\u00e9curit\u00e9 et de conformit\u00e9 \u00e9lev\u00e9.<\/span><\/p><p><span style=\"color: #00426d;\"><strong>D\u00e9tection proactive\u00a0<\/strong><\/span><\/p><p><span style=\"color: #00426d;\">Tests de vuln\u00e9rabilit\u00e9 automatis\u00e9s \u00e0 chaque d\u00e9ploiement et mises \u00e0 jour r\u00e9guli\u00e8re des d\u00e9pendances.<\/span><\/p><\/div>\t\t\t\t\t\t\t\t<\/div>\n\t\t\t\t<\/div>\n\t\t\t\t<div class=\"elementor-element elementor-element-7b300d9 elementor-widget elementor-widget-text-editor\" data-id=\"7b300d9\" data-element_type=\"widget\" data-e-type=\"widget\" data-widget_type=\"text-editor.default\">\n\t\t\t\t<div class=\"elementor-widget-container\">\n\t\t\t\t\t\t\t\t\t<div align=\"left\"><h4 class=\"elementToProof\"><span style=\"color: #00426d;\">Chiffrement des donn\u00e9es<\/span><\/h4><p><span style=\"color: #00426d;\">Nous utilisons des m\u00e9thodes de chiffrement avanc\u00e9es pour s\u00e9curiser les donn\u00e9es de nos utilisateurs, tant au repos qu\u2019en transit, en utilisant des cl\u00e9s de chiffrement fortes et le chiffrement TLS.<\/span><\/p><\/div>\t\t\t\t\t\t\t\t<\/div>\n\t\t\t\t<\/div>\n\t\t\t\t<div class=\"elementor-element elementor-element-45ec952 elementor-widget elementor-widget-text-editor\" data-id=\"45ec952\" data-element_type=\"widget\" data-e-type=\"widget\" data-widget_type=\"text-editor.default\">\n\t\t\t\t<div class=\"elementor-widget-container\">\n\t\t\t\t\t\t\t\t\t<div align=\"left\"><div align=\"left\"><h4 class=\"elementToProof\"><span style=\"color: #00426d;\">Conformit\u00e9 et audits<\/span><\/h4><p><span style=\"color: #00426d;\">Un DPO est int\u00e9gr\u00e9 \u00e0 notre \u00e9quipe pour travailler en \u00e9troite collaboration avec nos \u00e9quipes techniques et juridiques, assurant la conformit\u00e9 constante avec les r\u00e9glementations en vigueur, telles que le RGPD.<\/span><\/p><\/div><\/div>\t\t\t\t\t\t\t\t<\/div>\n\t\t\t\t<\/div>\n\t\t\t\t<div class=\"elementor-element elementor-element-2682b7d elementor-widget elementor-widget-text-editor\" data-id=\"2682b7d\" data-element_type=\"widget\" data-e-type=\"widget\" data-widget_type=\"text-editor.default\">\n\t\t\t\t<div class=\"elementor-widget-container\">\n\t\t\t\t\t\t\t\t\t<div align=\"left\"><div align=\"left\"><p class=\"elementToProof\"><span style=\"color: #00426d;\">Chez Lianeli, nous nous engageons \u00e0 investir dans les technologies et les pratiques qui assurent la s\u00e9curit\u00e9 des donn\u00e9es de nos utilisateurs. Notre objectif est de fournir un environnement num\u00e9rique s\u00fbr et fiable, o\u00f9 la sant\u00e9 et le bien-\u00eatre de nos utilisateurs sont prot\u00e9g\u00e9s avec la plus grande vigilance.<\/span><\/p><\/div><\/div>\t\t\t\t\t\t\t\t<\/div>\n\t\t\t\t<\/div>\n\t\t\t\t\t<\/div>\n\t\t\t\t<\/div>\n\t\t\t\t<\/div>","protected":false},"excerpt":{"rendered":"<p>S\u00e9curit\u00e9 \/ Confidentialit\u00e9 des donn\u00e9es S\u00e9curit\u00e9 chez Lianeli : notre Engagement pour la Protection de\u00a0 vos Donn\u00e9es Chez Lianeli, la s\u00e9curit\u00e9 et la confidentialit\u00e9 des donn\u00e9es de nos utilisateurs sont au c\u0153ur de nos pr\u00e9occupations. Nous comprenons l&rsquo;importance cruciale de prot\u00e9ger les informations personnelles et m\u00e9dicales dans un environnement digital de plus en plus connect\u00e9. [&hellip;]<\/p>\n","protected":false},"author":1,"featured_media":0,"parent":0,"menu_order":0,"comment_status":"closed","ping_status":"closed","template":"","meta":{"_acf_changed":false,"site-sidebar-layout":"no-sidebar","site-content-layout":"page-builder","ast-site-content-layout":"full-width-container","site-content-style":"unboxed","site-sidebar-style":"unboxed","ast-global-header-display":"","ast-banner-title-visibility":"","ast-main-header-display":"","ast-hfb-above-header-display":"","ast-hfb-below-header-display":"","ast-hfb-mobile-header-display":"","site-post-title":"disabled","ast-breadcrumbs-content":"","ast-featured-img":"disabled","footer-sml-layout":"","ast-disable-related-posts":"","theme-transparent-header-meta":"","adv-header-id-meta":"","stick-header-meta":"","header-above-stick-meta":"","header-main-stick-meta":"","header-below-stick-meta":"","astra-migrate-meta-layouts":"set","ast-page-background-enabled":"default","ast-page-background-meta":{"desktop":{"background-color":"var(--ast-global-color-4)","background-image":"","background-repeat":"repeat","background-position":"center center","background-size":"auto","background-attachment":"scroll","background-type":"","background-media":"","overlay-type":"","overlay-color":"","overlay-opacity":"","overlay-gradient":""},"tablet":{"background-color":"","background-image":"","background-repeat":"repeat","background-position":"center center","background-size":"auto","background-attachment":"scroll","background-type":"","background-media":"","overlay-type":"","overlay-color":"","overlay-opacity":"","overlay-gradient":""},"mobile":{"background-color":"","background-image":"","background-repeat":"repeat","background-position":"center center","background-size":"auto","background-attachment":"scroll","background-type":"","background-media":"","overlay-type":"","overlay-color":"","overlay-opacity":"","overlay-gradient":""}},"ast-content-background-meta":{"desktop":{"background-color":"var(--ast-global-color-5)","background-image":"","background-repeat":"repeat","background-position":"center center","background-size":"auto","background-attachment":"scroll","background-type":"","background-media":"","overlay-type":"","overlay-color":"","overlay-opacity":"","overlay-gradient":""},"tablet":{"background-color":"var(--ast-global-color-5)","background-image":"","background-repeat":"repeat","background-position":"center center","background-size":"auto","background-attachment":"scroll","background-type":"","background-media":"","overlay-type":"","overlay-color":"","overlay-opacity":"","overlay-gradient":""},"mobile":{"background-color":"var(--ast-global-color-5)","background-image":"","background-repeat":"repeat","background-position":"center center","background-size":"auto","background-attachment":"scroll","background-type":"","background-media":"","overlay-type":"","overlay-color":"","overlay-opacity":"","overlay-gradient":""}},"footnotes":""},"class_list":["post-5716","page","type-page","status-publish","hentry"],"acf":[],"yoast_head":"<!-- This site is optimized with the Yoast SEO plugin v27.6 - https:\/\/yoast.com\/product\/yoast-seo-wordpress\/ -->\n<title>Lianeli - Mon d\u00e9pistage personnalis\u00e9<\/title>\n<meta name=\"description\" content=\"La premi\u00e8re appli web qui identifie et planifie les d\u00e9pistages de plusieurs pathologies, de fa\u00e7on personnalis\u00e9e.\" \/>\n<meta name=\"robots\" content=\"noindex, follow\" \/>\n<meta property=\"og:locale\" content=\"en_GB\" \/>\n<meta property=\"og:type\" content=\"article\" \/>\n<meta property=\"og:title\" content=\"Lianeli - Mon d\u00e9pistage personnalis\u00e9\" \/>\n<meta property=\"og:description\" content=\"La premi\u00e8re appli web qui identifie et planifie les d\u00e9pistages de plusieurs pathologies, de fa\u00e7on personnalis\u00e9e.\" \/>\n<meta property=\"og:url\" content=\"https:\/\/lianeli.fr\/en\/securite\/\" \/>\n<meta property=\"article:modified_time\" content=\"2024-10-16T07:32:09+00:00\" \/>\n<meta name=\"twitter:card\" content=\"summary_large_image\" \/>\n<meta name=\"twitter:label1\" content=\"Estimated reading time\" \/>\n\t<meta name=\"twitter:data1\" content=\"3 minutes\" \/>\n<script type=\"application\/ld+json\" class=\"yoast-schema-graph\">{\"@context\":\"https:\\\/\\\/schema.org\",\"@graph\":[{\"@type\":\"WebPage\",\"@id\":\"https:\\\/\\\/lianeli.fr\\\/securite\\\/\",\"url\":\"https:\\\/\\\/lianeli.fr\\\/securite\\\/\",\"name\":\"Lianeli - Mon d\u00e9pistage personnalis\u00e9\",\"isPartOf\":{\"@id\":\"https:\\\/\\\/lianeli.fr\\\/#website\"},\"datePublished\":\"2024-04-25T09:13:18+00:00\",\"dateModified\":\"2024-10-16T07:32:09+00:00\",\"description\":\"La premi\u00e8re appli web qui identifie et planifie les d\u00e9pistages de plusieurs pathologies, de fa\u00e7on personnalis\u00e9e.\",\"breadcrumb\":{\"@id\":\"https:\\\/\\\/lianeli.fr\\\/securite\\\/#breadcrumb\"},\"inLanguage\":\"en-GB\",\"potentialAction\":[{\"@type\":\"ReadAction\",\"target\":[\"https:\\\/\\\/lianeli.fr\\\/securite\\\/\"]}]},{\"@type\":\"BreadcrumbList\",\"@id\":\"https:\\\/\\\/lianeli.fr\\\/securite\\\/#breadcrumb\",\"itemListElement\":[{\"@type\":\"ListItem\",\"position\":1,\"name\":\"Accueil\",\"item\":\"https:\\\/\\\/lianeli.fr\\\/\"},{\"@type\":\"ListItem\",\"position\":2,\"name\":\"Lianeli &#8211; s\u00e9curit\u00e9\"}]},{\"@type\":\"WebSite\",\"@id\":\"https:\\\/\\\/lianeli.fr\\\/#website\",\"url\":\"https:\\\/\\\/lianeli.fr\\\/\",\"name\":\"Lianeli\",\"description\":\"Mon d\u00e9pistage personnalis\u00e9e\",\"publisher\":{\"@id\":\"https:\\\/\\\/lianeli.fr\\\/#organization\"},\"alternateName\":\"Lianeli\",\"potentialAction\":[{\"@type\":\"SearchAction\",\"target\":{\"@type\":\"EntryPoint\",\"urlTemplate\":\"https:\\\/\\\/lianeli.fr\\\/?s={search_term_string}\"},\"query-input\":{\"@type\":\"PropertyValueSpecification\",\"valueRequired\":true,\"valueName\":\"search_term_string\"}}],\"inLanguage\":\"en-GB\"},{\"@type\":\"Organization\",\"@id\":\"https:\\\/\\\/lianeli.fr\\\/#organization\",\"name\":\"Lianeli\",\"url\":\"https:\\\/\\\/lianeli.fr\\\/\",\"logo\":{\"@type\":\"ImageObject\",\"inLanguage\":\"en-GB\",\"@id\":\"https:\\\/\\\/lianeli.fr\\\/#\\\/schema\\\/logo\\\/image\\\/\",\"url\":\"https:\\\/\\\/lianeli.fr\\\/wp-content\\\/uploads\\\/2024\\\/04\\\/Logo_Lianeli_fond_bleu_avec_fond.png\",\"contentUrl\":\"https:\\\/\\\/lianeli.fr\\\/wp-content\\\/uploads\\\/2024\\\/04\\\/Logo_Lianeli_fond_bleu_avec_fond.png\",\"width\":270,\"height\":270,\"caption\":\"Lianeli\"},\"image\":{\"@id\":\"https:\\\/\\\/lianeli.fr\\\/#\\\/schema\\\/logo\\\/image\\\/\"},\"sameAs\":[\"https:\\\/\\\/www.linkedin.com\\\/company\\\/lianeli\\\/\"]}]}<\/script>\n<!-- \/ Yoast SEO plugin. -->","yoast_head_json":{"title":"Lianeli - Mon d\u00e9pistage personnalis\u00e9","description":"La premi\u00e8re appli web qui identifie et planifie les d\u00e9pistages de plusieurs pathologies, de fa\u00e7on personnalis\u00e9e.","robots":{"index":"noindex","follow":"follow"},"og_locale":"en_GB","og_type":"article","og_title":"Lianeli - Mon d\u00e9pistage personnalis\u00e9","og_description":"La premi\u00e8re appli web qui identifie et planifie les d\u00e9pistages de plusieurs pathologies, de fa\u00e7on personnalis\u00e9e.","og_url":"https:\/\/lianeli.fr\/en\/securite\/","article_modified_time":"2024-10-16T07:32:09+00:00","twitter_card":"summary_large_image","twitter_misc":{"Estimated reading time":"3 minutes"},"schema":{"@context":"https:\/\/schema.org","@graph":[{"@type":"WebPage","@id":"https:\/\/lianeli.fr\/securite\/","url":"https:\/\/lianeli.fr\/securite\/","name":"Lianeli - Mon d\u00e9pistage personnalis\u00e9","isPartOf":{"@id":"https:\/\/lianeli.fr\/#website"},"datePublished":"2024-04-25T09:13:18+00:00","dateModified":"2024-10-16T07:32:09+00:00","description":"La premi\u00e8re appli web qui identifie et planifie les d\u00e9pistages de plusieurs pathologies, de fa\u00e7on personnalis\u00e9e.","breadcrumb":{"@id":"https:\/\/lianeli.fr\/securite\/#breadcrumb"},"inLanguage":"en-GB","potentialAction":[{"@type":"ReadAction","target":["https:\/\/lianeli.fr\/securite\/"]}]},{"@type":"BreadcrumbList","@id":"https:\/\/lianeli.fr\/securite\/#breadcrumb","itemListElement":[{"@type":"ListItem","position":1,"name":"Accueil","item":"https:\/\/lianeli.fr\/"},{"@type":"ListItem","position":2,"name":"Lianeli &#8211; s\u00e9curit\u00e9"}]},{"@type":"WebSite","@id":"https:\/\/lianeli.fr\/#website","url":"https:\/\/lianeli.fr\/","name":"Lianeli","description":"Mon d\u00e9pistage personnalis\u00e9e","publisher":{"@id":"https:\/\/lianeli.fr\/#organization"},"alternateName":"Lianeli","potentialAction":[{"@type":"SearchAction","target":{"@type":"EntryPoint","urlTemplate":"https:\/\/lianeli.fr\/?s={search_term_string}"},"query-input":{"@type":"PropertyValueSpecification","valueRequired":true,"valueName":"search_term_string"}}],"inLanguage":"en-GB"},{"@type":"Organization","@id":"https:\/\/lianeli.fr\/#organization","name":"Lianeli","url":"https:\/\/lianeli.fr\/","logo":{"@type":"ImageObject","inLanguage":"en-GB","@id":"https:\/\/lianeli.fr\/#\/schema\/logo\/image\/","url":"https:\/\/lianeli.fr\/wp-content\/uploads\/2024\/04\/Logo_Lianeli_fond_bleu_avec_fond.png","contentUrl":"https:\/\/lianeli.fr\/wp-content\/uploads\/2024\/04\/Logo_Lianeli_fond_bleu_avec_fond.png","width":270,"height":270,"caption":"Lianeli"},"image":{"@id":"https:\/\/lianeli.fr\/#\/schema\/logo\/image\/"},"sameAs":["https:\/\/www.linkedin.com\/company\/lianeli\/"]}]}},"_links":{"self":[{"href":"https:\/\/lianeli.fr\/en\/wp-json\/wp\/v2\/pages\/5716","targetHints":{"allow":["GET"]}}],"collection":[{"href":"https:\/\/lianeli.fr\/en\/wp-json\/wp\/v2\/pages"}],"about":[{"href":"https:\/\/lianeli.fr\/en\/wp-json\/wp\/v2\/types\/page"}],"author":[{"embeddable":true,"href":"https:\/\/lianeli.fr\/en\/wp-json\/wp\/v2\/users\/1"}],"replies":[{"embeddable":true,"href":"https:\/\/lianeli.fr\/en\/wp-json\/wp\/v2\/comments?post=5716"}],"version-history":[{"count":0,"href":"https:\/\/lianeli.fr\/en\/wp-json\/wp\/v2\/pages\/5716\/revisions"}],"wp:attachment":[{"href":"https:\/\/lianeli.fr\/en\/wp-json\/wp\/v2\/media?parent=5716"}],"curies":[{"name":"wp","href":"https:\/\/api.w.org\/{rel}","templated":true}]}}