{"id":3696,"date":"2023-08-27T17:28:17","date_gmt":"2023-08-27T16:28:17","guid":{"rendered":"https:\/\/lianeli.fr\/?page_id=3696"},"modified":"2024-10-16T08:32:13","modified_gmt":"2024-10-16T07:32:13","slug":"mentions-legales","status":"publish","type":"page","link":"https:\/\/lianeli.fr\/en\/mentions-legales\/","title":{"rendered":"Legal notice"},"content":{"rendered":"<div data-elementor-type=\"wp-page\" data-elementor-id=\"3696\" class=\"elementor elementor-3696\" data-elementor-settings=\"{&quot;ha_cmc_init_switcher&quot;:&quot;no&quot;}\" data-elementor-post-type=\"page\">\n\t\t\t\t<div class=\"elementor-element elementor-element-7e109f93 e-flex e-con-boxed e-con e-parent\" data-id=\"7e109f93\" data-element_type=\"container\" data-e-type=\"container\" data-settings=\"{&quot;background_background&quot;:&quot;gradient&quot;,&quot;_ha_eqh_enable&quot;:false}\">\n\t\t\t\t\t<div class=\"e-con-inner\">\n\t\t\t\t<div class=\"elementor-element elementor-element-557a9c5 elementor-widget elementor-widget-heading\" data-id=\"557a9c5\" data-element_type=\"widget\" data-e-type=\"widget\" data-widget_type=\"heading.default\">\n\t\t\t\t<div class=\"elementor-widget-container\">\n\t\t\t\t\t<h3 class=\"elementor-heading-title elementor-size-default\">Legal notice<\/h3>\t\t\t\t<\/div>\n\t\t\t\t<\/div>\n\t\t\t\t<div class=\"elementor-element elementor-element-364fe865 elementor-widget elementor-widget-text-editor\" data-id=\"364fe865\" data-element_type=\"widget\" data-e-type=\"widget\" data-widget_type=\"text-editor.default\">\n\t\t\t\t<div class=\"elementor-widget-container\">\n\t\t\t\t\t\t\t\t\t\n<p>Le site <a href=\"http:\/\/www.Lianeli.fr\">www.Lianeli.fr<\/a> est \u00e9dit\u00e9 par PREVENEAR, soci\u00e9t\u00e9 par actions simplifi\u00e9e, au capital de 35 000,00 euros, immatricul\u00e9e au Registre du Commerce et des Soci\u00e9t\u00e9s sous le num\u00e9ro 921 417\u00a0390 RCS LYON, dont le si\u00e8ge social est sis :<\/p>\n\n<p>2 bis rue des Cerisiers, 69340 FRANCHEVILLE<\/p>\n\n<p>T\u00e9l\u00e9phone : 06 15 65 04 21<\/p>\n\n<p>Email\u00a0: contact@lianeli.fr<\/p>\n\n<p>N\u00b0 SIRET : 92141739000017<\/p>\n\n<p>N\u00b0 TVA intracommunautaire : FR17921417390<\/p>\n\n<p>Directeur de la publication et responsable de la r\u00e9daction :\u00a0\u00a0 Madame Maelle BACOT, Pr\u00e9sidente<\/p>\n\n<p>H\u00e9bergeur du site : Le site <a href=\"https:\/\/lianeli.fr\/en\/\">www.lianeli.fr<\/a> est h\u00e9berg\u00e9 par la soci\u00e9t\u00e9<\/p>\n\n<p>IONOS,<\/p>\n\n<p>Raison sociale\u00a0: IONOS SARL<\/p>\n\n<p>Adresse\u00a0: _7 PL DE LA GARE 57200 SARREGUEMINES<\/p>\n\n<p>T\u00e9l\u00e9phone de l\u2019h\u00e9bergeur\u00a0: 09 70 80 89 11<\/p>\n\t\t\t\t\t\t\t\t<\/div>\n\t\t\t\t<\/div>\n\t\t\t\t\t<\/div>\n\t\t\t\t<\/div>\n\t\t\t\t<\/div>","protected":false},"excerpt":{"rendered":"<p>Mentions l\u00e9gales Le site www.Lianeli.fr est \u00e9dit\u00e9 par PREVENEAR, soci\u00e9t\u00e9 par actions simplifi\u00e9e, au capital de 35 000,00 euros, immatricul\u00e9e au Registre du Commerce et des Soci\u00e9t\u00e9s sous le num\u00e9ro 921 417\u00a0390 RCS LYON, dont le si\u00e8ge social est sis : 2 bis rue des Cerisiers, 69340 FRANCHEVILLE T\u00e9l\u00e9phone : 06 15 65 04 21 [&hellip;]<\/p>\n","protected":false},"author":1,"featured_media":0,"parent":0,"menu_order":0,"comment_status":"closed","ping_status":"closed","template":"","meta":{"_acf_changed":false,"site-sidebar-layout":"default","site-content-layout":"","ast-site-content-layout":"default","site-content-style":"default","site-sidebar-style":"default","ast-global-header-display":"","ast-banner-title-visibility":"","ast-main-header-display":"","ast-hfb-above-header-display":"","ast-hfb-below-header-display":"","ast-hfb-mobile-header-display":"","site-post-title":"","ast-breadcrumbs-content":"","ast-featured-img":"","footer-sml-layout":"","ast-disable-related-posts":"","theme-transparent-header-meta":"","adv-header-id-meta":"","stick-header-meta":"","header-above-stick-meta":"","header-main-stick-meta":"","header-below-stick-meta":"","astra-migrate-meta-layouts":"set","ast-page-background-enabled":"default","ast-page-background-meta":{"desktop":{"background-color":"var(--ast-global-color-4)","background-image":"","background-repeat":"repeat","background-position":"center center","background-size":"auto","background-attachment":"scroll","background-type":"","background-media":"","overlay-type":"","overlay-color":"","overlay-opacity":"","overlay-gradient":""},"tablet":{"background-color":"","background-image":"","background-repeat":"repeat","background-position":"center center","background-size":"auto","background-attachment":"scroll","background-type":"","background-media":"","overlay-type":"","overlay-color":"","overlay-opacity":"","overlay-gradient":""},"mobile":{"background-color":"","background-image":"","background-repeat":"repeat","background-position":"center center","background-size":"auto","background-attachment":"scroll","background-type":"","background-media":"","overlay-type":"","overlay-color":"","overlay-opacity":"","overlay-gradient":""}},"ast-content-background-meta":{"desktop":{"background-color":"var(--ast-global-color-5)","background-image":"","background-repeat":"repeat","background-position":"center center","background-size":"auto","background-attachment":"scroll","background-type":"","background-media":"","overlay-type":"","overlay-color":"","overlay-opacity":"","overlay-gradient":""},"tablet":{"background-color":"var(--ast-global-color-5)","background-image":"","background-repeat":"repeat","background-position":"center center","background-size":"auto","background-attachment":"scroll","background-type":"","background-media":"","overlay-type":"","overlay-color":"","overlay-opacity":"","overlay-gradient":""},"mobile":{"background-color":"var(--ast-global-color-5)","background-image":"","background-repeat":"repeat","background-position":"center center","background-size":"auto","background-attachment":"scroll","background-type":"","background-media":"","overlay-type":"","overlay-color":"","overlay-opacity":"","overlay-gradient":""}},"footnotes":""},"class_list":["post-3696","page","type-page","status-publish","hentry"],"acf":[],"yoast_head":"<!-- This site is optimized with the Yoast SEO plugin v27.6 - https:\/\/yoast.com\/product\/yoast-seo-wordpress\/ -->\n<title>Mentions l\u00e9gales -<\/title>\n<meta name=\"robots\" content=\"noindex, follow\" \/>\n<meta property=\"og:locale\" content=\"en_GB\" \/>\n<meta property=\"og:type\" content=\"article\" \/>\n<meta property=\"og:title\" content=\"Mentions l\u00e9gales -\" \/>\n<meta property=\"og:description\" content=\"Mentions l\u00e9gales Le site www.Lianeli.fr est \u00e9dit\u00e9 par PREVENEAR, soci\u00e9t\u00e9 par actions simplifi\u00e9e, au capital de 35 000,00 euros, immatricul\u00e9e au Registre du Commerce et des Soci\u00e9t\u00e9s sous le num\u00e9ro 921 417\u00a0390 RCS LYON, dont le si\u00e8ge social est sis : 2 bis rue des Cerisiers, 69340 FRANCHEVILLE T\u00e9l\u00e9phone : 06 15 65 04 21 [&hellip;]\" \/>\n<meta property=\"og:url\" content=\"https:\/\/lianeli.fr\/en\/mentions-legales\/\" \/>\n<meta property=\"article:modified_time\" content=\"2024-10-16T07:32:13+00:00\" \/>\n<meta name=\"twitter:card\" content=\"summary_large_image\" \/>\n<meta name=\"twitter:label1\" content=\"Estimated reading time\" \/>\n\t<meta name=\"twitter:data1\" content=\"1 minute\" \/>\n<script type=\"application\/ld+json\" class=\"yoast-schema-graph\">{\"@context\":\"https:\\\/\\\/schema.org\",\"@graph\":[{\"@type\":\"WebPage\",\"@id\":\"https:\\\/\\\/lianeli.fr\\\/mentions-legales\\\/\",\"url\":\"https:\\\/\\\/lianeli.fr\\\/mentions-legales\\\/\",\"name\":\"Mentions l\u00e9gales -\",\"isPartOf\":{\"@id\":\"https:\\\/\\\/lianeli.fr\\\/#website\"},\"datePublished\":\"2023-08-27T16:28:17+00:00\",\"dateModified\":\"2024-10-16T07:32:13+00:00\",\"breadcrumb\":{\"@id\":\"https:\\\/\\\/lianeli.fr\\\/mentions-legales\\\/#breadcrumb\"},\"inLanguage\":\"en-GB\",\"potentialAction\":[{\"@type\":\"ReadAction\",\"target\":[\"https:\\\/\\\/lianeli.fr\\\/mentions-legales\\\/\"]}]},{\"@type\":\"BreadcrumbList\",\"@id\":\"https:\\\/\\\/lianeli.fr\\\/mentions-legales\\\/#breadcrumb\",\"itemListElement\":[{\"@type\":\"ListItem\",\"position\":1,\"name\":\"Accueil\",\"item\":\"https:\\\/\\\/lianeli.fr\\\/\"},{\"@type\":\"ListItem\",\"position\":2,\"name\":\"Mentions l\u00e9gales\"}]},{\"@type\":\"WebSite\",\"@id\":\"https:\\\/\\\/lianeli.fr\\\/#website\",\"url\":\"https:\\\/\\\/lianeli.fr\\\/\",\"name\":\"Lianeli\",\"description\":\"Mon d\u00e9pistage personnalis\u00e9e\",\"publisher\":{\"@id\":\"https:\\\/\\\/lianeli.fr\\\/#organization\"},\"alternateName\":\"Lianeli\",\"potentialAction\":[{\"@type\":\"SearchAction\",\"target\":{\"@type\":\"EntryPoint\",\"urlTemplate\":\"https:\\\/\\\/lianeli.fr\\\/?s={search_term_string}\"},\"query-input\":{\"@type\":\"PropertyValueSpecification\",\"valueRequired\":true,\"valueName\":\"search_term_string\"}}],\"inLanguage\":\"en-GB\"},{\"@type\":\"Organization\",\"@id\":\"https:\\\/\\\/lianeli.fr\\\/#organization\",\"name\":\"Lianeli\",\"url\":\"https:\\\/\\\/lianeli.fr\\\/\",\"logo\":{\"@type\":\"ImageObject\",\"inLanguage\":\"en-GB\",\"@id\":\"https:\\\/\\\/lianeli.fr\\\/#\\\/schema\\\/logo\\\/image\\\/\",\"url\":\"https:\\\/\\\/lianeli.fr\\\/wp-content\\\/uploads\\\/2024\\\/04\\\/Logo_Lianeli_fond_bleu_avec_fond.png\",\"contentUrl\":\"https:\\\/\\\/lianeli.fr\\\/wp-content\\\/uploads\\\/2024\\\/04\\\/Logo_Lianeli_fond_bleu_avec_fond.png\",\"width\":270,\"height\":270,\"caption\":\"Lianeli\"},\"image\":{\"@id\":\"https:\\\/\\\/lianeli.fr\\\/#\\\/schema\\\/logo\\\/image\\\/\"},\"sameAs\":[\"https:\\\/\\\/www.linkedin.com\\\/company\\\/lianeli\\\/\"]}]}<\/script>\n<!-- \/ Yoast SEO plugin. -->","yoast_head_json":{"title":"Mentions l\u00e9gales -","robots":{"index":"noindex","follow":"follow"},"og_locale":"en_GB","og_type":"article","og_title":"Mentions l\u00e9gales -","og_description":"Mentions l\u00e9gales Le site www.Lianeli.fr est \u00e9dit\u00e9 par PREVENEAR, soci\u00e9t\u00e9 par actions simplifi\u00e9e, au capital de 35 000,00 euros, immatricul\u00e9e au Registre du Commerce et des Soci\u00e9t\u00e9s sous le num\u00e9ro 921 417\u00a0390 RCS LYON, dont le si\u00e8ge social est sis : 2 bis rue des Cerisiers, 69340 FRANCHEVILLE T\u00e9l\u00e9phone : 06 15 65 04 21 [&hellip;]","og_url":"https:\/\/lianeli.fr\/en\/mentions-legales\/","article_modified_time":"2024-10-16T07:32:13+00:00","twitter_card":"summary_large_image","twitter_misc":{"Estimated reading time":"1 minute"},"schema":{"@context":"https:\/\/schema.org","@graph":[{"@type":"WebPage","@id":"https:\/\/lianeli.fr\/mentions-legales\/","url":"https:\/\/lianeli.fr\/mentions-legales\/","name":"Mentions l\u00e9gales -","isPartOf":{"@id":"https:\/\/lianeli.fr\/#website"},"datePublished":"2023-08-27T16:28:17+00:00","dateModified":"2024-10-16T07:32:13+00:00","breadcrumb":{"@id":"https:\/\/lianeli.fr\/mentions-legales\/#breadcrumb"},"inLanguage":"en-GB","potentialAction":[{"@type":"ReadAction","target":["https:\/\/lianeli.fr\/mentions-legales\/"]}]},{"@type":"BreadcrumbList","@id":"https:\/\/lianeli.fr\/mentions-legales\/#breadcrumb","itemListElement":[{"@type":"ListItem","position":1,"name":"Accueil","item":"https:\/\/lianeli.fr\/"},{"@type":"ListItem","position":2,"name":"Mentions l\u00e9gales"}]},{"@type":"WebSite","@id":"https:\/\/lianeli.fr\/#website","url":"https:\/\/lianeli.fr\/","name":"Lianeli","description":"Mon d\u00e9pistage personnalis\u00e9e","publisher":{"@id":"https:\/\/lianeli.fr\/#organization"},"alternateName":"Lianeli","potentialAction":[{"@type":"SearchAction","target":{"@type":"EntryPoint","urlTemplate":"https:\/\/lianeli.fr\/?s={search_term_string}"},"query-input":{"@type":"PropertyValueSpecification","valueRequired":true,"valueName":"search_term_string"}}],"inLanguage":"en-GB"},{"@type":"Organization","@id":"https:\/\/lianeli.fr\/#organization","name":"Lianeli","url":"https:\/\/lianeli.fr\/","logo":{"@type":"ImageObject","inLanguage":"en-GB","@id":"https:\/\/lianeli.fr\/#\/schema\/logo\/image\/","url":"https:\/\/lianeli.fr\/wp-content\/uploads\/2024\/04\/Logo_Lianeli_fond_bleu_avec_fond.png","contentUrl":"https:\/\/lianeli.fr\/wp-content\/uploads\/2024\/04\/Logo_Lianeli_fond_bleu_avec_fond.png","width":270,"height":270,"caption":"Lianeli"},"image":{"@id":"https:\/\/lianeli.fr\/#\/schema\/logo\/image\/"},"sameAs":["https:\/\/www.linkedin.com\/company\/lianeli\/"]}]}},"_links":{"self":[{"href":"https:\/\/lianeli.fr\/en\/wp-json\/wp\/v2\/pages\/3696","targetHints":{"allow":["GET"]}}],"collection":[{"href":"https:\/\/lianeli.fr\/en\/wp-json\/wp\/v2\/pages"}],"about":[{"href":"https:\/\/lianeli.fr\/en\/wp-json\/wp\/v2\/types\/page"}],"author":[{"embeddable":true,"href":"https:\/\/lianeli.fr\/en\/wp-json\/wp\/v2\/users\/1"}],"replies":[{"embeddable":true,"href":"https:\/\/lianeli.fr\/en\/wp-json\/wp\/v2\/comments?post=3696"}],"version-history":[{"count":0,"href":"https:\/\/lianeli.fr\/en\/wp-json\/wp\/v2\/pages\/3696\/revisions"}],"wp:attachment":[{"href":"https:\/\/lianeli.fr\/en\/wp-json\/wp\/v2\/media?parent=3696"}],"curies":[{"name":"wp","href":"https:\/\/api.w.org\/{rel}","templated":true}]}}